{"id":958,"date":"2021-04-09T18:18:47","date_gmt":"2021-04-09T21:18:47","guid":{"rendered":"http:\/\/celestino.adv.br\/?page_id=958"},"modified":"2022-09-28T15:31:57","modified_gmt":"2022-09-28T18:31:57","slug":"area-trabalhista","status":"publish","type":"page","link":"https:\/\/celestino.adv.br\/index.php\/area-trabalhista\/","title":{"rendered":"Trabalhista"},"content":{"rendered":"\t\t<div data-elementor-type=\"wp-page\" data-elementor-id=\"958\" class=\"elementor elementor-958\">\n\t\t\t\t\t\t\t\t\t<section class=\"elementor-section elementor-top-section elementor-element elementor-element-5131a13e elementor-section-boxed elementor-section-height-default elementor-section-height-default\" data-id=\"5131a13e\" data-element_type=\"section\" data-settings=\"{&quot;background_background&quot;:&quot;gradient&quot;}\">\n\t\t\t\t\t\t\t<div class=\"elementor-background-overlay\"><\/div>\n\t\t\t\t\t\t\t<div class=\"elementor-container elementor-column-gap-default\">\n\t\t\t\t\t<div class=\"elementor-column elementor-col-100 elementor-top-column elementor-element elementor-element-1053ca7a\" data-id=\"1053ca7a\" data-element_type=\"column\">\n\t\t\t<div class=\"elementor-widget-wrap elementor-element-populated\">\n\t\t\t\t\t\t\t\t<div class=\"elementor-element elementor-element-3d99e122 elementor-widget elementor-widget-heading\" data-id=\"3d99e122\" data-element_type=\"widget\" data-widget_type=\"heading.default\">\n\t\t\t\t<div class=\"elementor-widget-container\">\n\t\t\t<h1 class=\"elementor-heading-title elementor-size-default\">Trabalhista<\/h1>\t\t<\/div>\n\t\t\t\t<\/div>\n\t\t\t\t\t<\/div>\n\t\t<\/div>\n\t\t\t\t\t\t\t<\/div>\n\t\t<\/section>\n\t\t\t\t<section class=\"elementor-section elementor-top-section elementor-element elementor-element-26f3eae elementor-section-boxed elementor-section-height-default elementor-section-height-default\" data-id=\"26f3eae\" data-element_type=\"section\">\n\t\t\t\t\t\t<div class=\"elementor-container elementor-column-gap-default\">\n\t\t\t\t\t<div class=\"elementor-column elementor-col-100 elementor-top-column elementor-element elementor-element-ef1cf30\" data-id=\"ef1cf30\" data-element_type=\"column\">\n\t\t\t<div class=\"elementor-widget-wrap elementor-element-populated\">\n\t\t\t\t\t\t\t\t<div class=\"elementor-element elementor-element-8cafb8a elementor-widget elementor-widget-spacer\" data-id=\"8cafb8a\" data-element_type=\"widget\" data-widget_type=\"spacer.default\">\n\t\t\t\t<div class=\"elementor-widget-container\">\n\t\t\t\t\t<div class=\"elementor-spacer\">\n\t\t\t<div class=\"elementor-spacer-inner\"><\/div>\n\t\t<\/div>\n\t\t\t\t<\/div>\n\t\t\t\t<\/div>\n\t\t\t\t<div class=\"elementor-element elementor-element-311e7ad elementor-widget elementor-widget-heading\" data-id=\"311e7ad\" data-element_type=\"widget\" data-widget_type=\"heading.default\">\n\t\t\t\t<div class=\"elementor-widget-container\">\n\t\t\t<h2 class=\"elementor-heading-title elementor-size-default\">A\u00e7\u00f5es Trabalhistas Individuais<\/h2>\t\t<\/div>\n\t\t\t\t<\/div>\n\t\t\t\t<div class=\"elementor-element elementor-element-f14face elementor-widget elementor-widget-text-editor\" data-id=\"f14face\" data-element_type=\"widget\" data-widget_type=\"text-editor.default\">\n\t\t\t\t<div class=\"elementor-widget-container\">\n\t\t\t\t\t\t\t<ul>\n<li>Reconhecimento de V\u00ednculo Empregat\u00edcio<\/li>\n<li>Revis\u00e3o de Termos de Rescis\u00e3o do Contrato de Trabalho (TRCT)<\/li>\n<li>Horas Extras<\/li>\n<li>Revers\u00e3o da justa causa<\/li>\n<li>Pedido de Rescis\u00e3o Indireta<\/li>\n<li>Burnout<\/li>\n<li>Ass\u00e9dio Moral e Sexual<\/li>\n<li>Ac\u00famulo e desvio de fun\u00e7\u00e3o<\/li>\n<li>Atraso no pagamento de sal\u00e1rios<\/li>\n<li>F\u00e9rias<\/li>\n<li>13\u00ba sal\u00e1rio<\/li>\n<li>Aus\u00eancia de recolhimento do FGTS<\/li>\n<li>Aus\u00eancia de recebimento de Adicional Noturno<\/li>\n<li>Atraso no recebimento das verbas rescis\u00f3rias<\/li>\n<li>Desconto indevidos no contracheque<\/li>\n<li>Adicional de Periculosidade e Insalubridade<\/li>\n<li>Equipara\u00e7\u00e3o salarial<\/li>\n<li>Contrato de trabalho n\u00e3o registrado na Carteira de Trabalho<\/li>\n<li>Entre outros direitos trabalhistas que foram infringidos pelo empregador.<\/li>\n<\/ul>\t\t\t\t\t\t<\/div>\n\t\t\t\t<\/div>\n\t\t\t\t\t<\/div>\n\t\t<\/div>\n\t\t\t\t\t\t\t<\/div>\n\t\t<\/section>\n\t\t\t\t<section class=\"elementor-section elementor-top-section elementor-element elementor-element-6e331c0 elementor-section-boxed elementor-section-height-default elementor-section-height-default\" data-id=\"6e331c0\" data-element_type=\"section\">\n\t\t\t\t\t\t<div class=\"elementor-container elementor-column-gap-default\">\n\t\t\t\t\t<div class=\"elementor-column elementor-col-100 elementor-top-column elementor-element elementor-element-fa52b62\" data-id=\"fa52b62\" data-element_type=\"column\">\n\t\t\t<div class=\"elementor-widget-wrap elementor-element-populated\">\n\t\t\t\t\t\t\t\t<div class=\"elementor-element elementor-element-f7a6389 elementor-widget elementor-widget-heading\" data-id=\"f7a6389\" data-element_type=\"widget\" data-widget_type=\"heading.default\">\n\t\t\t\t<div class=\"elementor-widget-container\">\n\t\t\t<h2 class=\"elementor-heading-title elementor-size-default\">Direito dos Professores<\/h2>\t\t<\/div>\n\t\t\t\t<\/div>\n\t\t\t\t<div class=\"elementor-element elementor-element-17266f4 elementor-widget elementor-widget-text-editor\" data-id=\"17266f4\" data-element_type=\"widget\" data-widget_type=\"text-editor.default\">\n\t\t\t\t<div class=\"elementor-widget-container\">\n\t\t\t\t\t\t\t<p>O profissional da \u00e1rea da educa\u00e7\u00e3o \u00e9 parte fundamental para o desenvolvimento da sociedade, entretanto ainda enfrenta diversas viola\u00e7\u00f5es aos seus direitos trabalhistas.<\/p><p>Diante desse cen\u00e1rio, o escrit\u00f3rio Celestino Advogados Associados \u00e9 especializado no atendimento aos professores de escolas particulares, seja de forma consultiva, seja assessorando-os nas a\u00e7\u00f5es trabalhistas.<\/p>\t\t\t\t\t\t<\/div>\n\t\t\t\t<\/div>\n\t\t\t\t<div class=\"elementor-element elementor-element-4365046 elementor-widget elementor-widget-spacer\" data-id=\"4365046\" data-element_type=\"widget\" data-widget_type=\"spacer.default\">\n\t\t\t\t<div class=\"elementor-widget-container\">\n\t\t\t\t\t<div class=\"elementor-spacer\">\n\t\t\t<div class=\"elementor-spacer-inner\"><\/div>\n\t\t<\/div>\n\t\t\t\t<\/div>\n\t\t\t\t<\/div>\n\t\t\t\t\t<\/div>\n\t\t<\/div>\n\t\t\t\t\t\t\t<\/div>\n\t\t<\/section>\n\t\t\t\t\t\t\t<\/div>\n\t\t","protected":false},"excerpt":{"rendered":"<p>Trabalhista A\u00e7\u00f5es Trabalhistas Individuais Reconhecimento de V\u00ednculo Empregat\u00edcio Revis\u00e3o de Termos de Rescis\u00e3o do Contrato de Trabalho (TRCT) Horas Extras Revers\u00e3o da justa causa Pedido de Rescis\u00e3o Indireta Burnout Ass\u00e9dio Moral e Sexual Ac\u00famulo e desvio de fun\u00e7\u00e3o Atraso no pagamento de sal\u00e1rios F\u00e9rias 13\u00ba sal\u00e1rio Aus\u00eancia de recolhimento do FGTS Aus\u00eancia de recebimento de &hellip;<\/p>\n<p class=\"read-more\"> <a class=\"\" href=\"https:\/\/celestino.adv.br\/index.php\/area-trabalhista\/\"> <span class=\"screen-reader-text\">Trabalhista<\/span> Leia mais &raquo;<\/a><\/p>\n","protected":false},"author":1,"featured_media":0,"parent":0,"menu_order":0,"comment_status":"closed","ping_status":"closed","template":"","meta":{"site-sidebar-layout":"no-sidebar","site-content-layout":"page-builder","ast-global-header-display":"","ast-main-header-display":"","ast-hfb-above-header-display":"","ast-hfb-below-header-display":"","ast-hfb-mobile-header-display":"","site-post-title":"disabled","ast-breadcrumbs-content":"","ast-featured-img":"disabled","footer-sml-layout":"","theme-transparent-header-meta":"default","adv-header-id-meta":"","stick-header-meta":"","header-above-stick-meta":"","header-main-stick-meta":"","header-below-stick-meta":""},"_links":{"self":[{"href":"https:\/\/celestino.adv.br\/index.php\/wp-json\/wp\/v2\/pages\/958"}],"collection":[{"href":"https:\/\/celestino.adv.br\/index.php\/wp-json\/wp\/v2\/pages"}],"about":[{"href":"https:\/\/celestino.adv.br\/index.php\/wp-json\/wp\/v2\/types\/page"}],"author":[{"embeddable":true,"href":"https:\/\/celestino.adv.br\/index.php\/wp-json\/wp\/v2\/users\/1"}],"replies":[{"embeddable":true,"href":"https:\/\/celestino.adv.br\/index.php\/wp-json\/wp\/v2\/comments?post=958"}],"version-history":[{"count":37,"href":"https:\/\/celestino.adv.br\/index.php\/wp-json\/wp\/v2\/pages\/958\/revisions"}],"predecessor-version":[{"id":1335,"href":"https:\/\/celestino.adv.br\/index.php\/wp-json\/wp\/v2\/pages\/958\/revisions\/1335"}],"wp:attachment":[{"href":"https:\/\/celestino.adv.br\/index.php\/wp-json\/wp\/v2\/media?parent=958"}],"curies":[{"name":"wp","href":"https:\/\/api.w.org\/{rel}","templated":true}]}}