{"id":947,"date":"2021-04-09T18:13:40","date_gmt":"2021-04-09T21:13:40","guid":{"rendered":"http:\/\/celestino.adv.br\/?page_id=947"},"modified":"2021-05-18T09:03:32","modified_gmt":"2021-05-18T12:03:32","slug":"area-concurso","status":"publish","type":"page","link":"https:\/\/celestino.adv.br\/index.php\/area-concurso\/","title":{"rendered":"Concurso"},"content":{"rendered":"\t\t<div data-elementor-type=\"wp-page\" data-elementor-id=\"947\" class=\"elementor elementor-947\">\n\t\t\t\t\t\t\t\t\t<section class=\"elementor-section elementor-top-section elementor-element elementor-element-5131a13e elementor-section-boxed elementor-section-height-default elementor-section-height-default\" data-id=\"5131a13e\" data-element_type=\"section\" data-settings=\"{&quot;background_background&quot;:&quot;gradient&quot;}\">\n\t\t\t\t\t\t\t<div class=\"elementor-background-overlay\"><\/div>\n\t\t\t\t\t\t\t<div class=\"elementor-container elementor-column-gap-default\">\n\t\t\t\t\t<div class=\"elementor-column elementor-col-100 elementor-top-column elementor-element elementor-element-1053ca7a\" data-id=\"1053ca7a\" data-element_type=\"column\">\n\t\t\t<div class=\"elementor-widget-wrap elementor-element-populated\">\n\t\t\t\t\t\t\t\t<div class=\"elementor-element elementor-element-3d99e122 elementor-widget elementor-widget-heading\" data-id=\"3d99e122\" data-element_type=\"widget\" data-widget_type=\"heading.default\">\n\t\t\t\t<div class=\"elementor-widget-container\">\n\t\t\t<h1 class=\"elementor-heading-title elementor-size-default\">Concursos P\u00fablicos<\/h1>\t\t<\/div>\n\t\t\t\t<\/div>\n\t\t\t\t\t<\/div>\n\t\t<\/div>\n\t\t\t\t\t\t\t<\/div>\n\t\t<\/section>\n\t\t\t\t<section class=\"elementor-section elementor-top-section elementor-element elementor-element-356b06f elementor-section-boxed elementor-section-height-default elementor-section-height-default\" data-id=\"356b06f\" data-element_type=\"section\">\n\t\t\t\t\t\t<div class=\"elementor-container elementor-column-gap-wide\">\n\t\t\t\t\t<div class=\"elementor-column elementor-col-100 elementor-top-column elementor-element elementor-element-1fa55c0\" data-id=\"1fa55c0\" data-element_type=\"column\">\n\t\t\t<div class=\"elementor-widget-wrap elementor-element-populated\">\n\t\t\t\t\t\t\t\t<div class=\"elementor-element elementor-element-328acb0 elementor-widget elementor-widget-spacer\" data-id=\"328acb0\" data-element_type=\"widget\" data-widget_type=\"spacer.default\">\n\t\t\t\t<div class=\"elementor-widget-container\">\n\t\t\t\t\t<div class=\"elementor-spacer\">\n\t\t\t<div class=\"elementor-spacer-inner\"><\/div>\n\t\t<\/div>\n\t\t\t\t<\/div>\n\t\t\t\t<\/div>\n\t\t\t\t<div class=\"elementor-element elementor-element-99a26b6 elementor-widget elementor-widget-heading\" data-id=\"99a26b6\" data-element_type=\"widget\" data-widget_type=\"heading.default\">\n\t\t\t\t<div class=\"elementor-widget-container\">\n\t\t\t<h2 class=\"elementor-heading-title elementor-size-default\">Impugna\u00e7\u00e3o de editais<\/h2>\t\t<\/div>\n\t\t\t\t<\/div>\n\t\t\t\t<div class=\"elementor-element elementor-element-a3f46a4 elementor-widget elementor-widget-text-editor\" data-id=\"a3f46a4\" data-element_type=\"widget\" data-widget_type=\"text-editor.default\">\n\t\t\t\t<div class=\"elementor-widget-container\">\n\t\t\t\t\t\t\t<ul><li>com exig\u00eancias inconstitucionais, ilegais ou desproporcionais;<\/li><li>com cobran\u00e7a de conte\u00fado n\u00e3o previsto no edital;<\/li><li>com exig\u00eancia de apresenta\u00e7\u00e3o de diploma antes da data da posse;<\/li><li>com exig\u00eancias ilegais, desproporcionais ou fora do contexto do concurso.<\/li><\/ul>\t\t\t\t\t\t<\/div>\n\t\t\t\t<\/div>\n\t\t\t\t\t<\/div>\n\t\t<\/div>\n\t\t\t\t\t\t\t<\/div>\n\t\t<\/section>\n\t\t\t\t<section class=\"elementor-section elementor-top-section elementor-element elementor-element-1ff9172 elementor-section-boxed elementor-section-height-default elementor-section-height-default\" data-id=\"1ff9172\" data-element_type=\"section\">\n\t\t\t\t\t\t<div class=\"elementor-container elementor-column-gap-wide\">\n\t\t\t\t\t<div class=\"elementor-column elementor-col-100 elementor-top-column elementor-element elementor-element-3bd40e1\" data-id=\"3bd40e1\" data-element_type=\"column\">\n\t\t\t<div class=\"elementor-widget-wrap elementor-element-populated\">\n\t\t\t\t\t\t\t\t<div class=\"elementor-element elementor-element-790f7ab elementor-widget elementor-widget-heading\" data-id=\"790f7ab\" data-element_type=\"widget\" data-widget_type=\"heading.default\">\n\t\t\t\t<div class=\"elementor-widget-container\">\n\t\t\t<h2 class=\"elementor-heading-title elementor-size-default\">Elimina\u00e7\u00e3o de candidato<\/h2>\t\t<\/div>\n\t\t\t\t<\/div>\n\t\t\t\t<div class=\"elementor-element elementor-element-818e9d8 elementor-widget elementor-widget-text-editor\" data-id=\"818e9d8\" data-element_type=\"widget\" data-widget_type=\"text-editor.default\">\n\t\t\t\t<div class=\"elementor-widget-container\">\n\t\t\t\t\t\t\t<ul><li>por idade;<\/li><li>no Teste de Aptid\u00e3o F\u00edsica (TAF);<\/li><li>com vaga reservada (cotistas e portadores de necessidades especiais);<\/li><li>por apar\u00eancia;<\/li><li>por investiga\u00e7\u00e3o social;<\/li><li>por suposto n\u00e3o cumprimento do requisito de escolaridade, sendo que possui qualifica\u00e7\u00e3o profissional superior \u00e0 exigida no edital;<\/li><li>no exame psicot\u00e9cnico (avalia\u00e7\u00e3o feita de forma subjetiva e\/ou injusta);<\/li><li>por prazo na apresenta\u00e7\u00e3o do exame m\u00e9dico;<\/li><li>por apresentar exames m\u00e9dicos incompletos por culpa da requisi\u00e7\u00e3o m\u00e9dica;<\/li><li>em raz\u00e3o de reprova\u00e7\u00e3o na avalia\u00e7\u00e3o de provas e t\u00edtulos feita em desacordo com crit\u00e9rios do edital.<\/li><\/ul>\t\t\t\t\t\t<\/div>\n\t\t\t\t<\/div>\n\t\t\t\t\t<\/div>\n\t\t<\/div>\n\t\t\t\t\t\t\t<\/div>\n\t\t<\/section>\n\t\t\t\t<section class=\"elementor-section elementor-top-section elementor-element elementor-element-04844d8 elementor-section-boxed elementor-section-height-default elementor-section-height-default\" data-id=\"04844d8\" data-element_type=\"section\">\n\t\t\t\t\t\t<div class=\"elementor-container elementor-column-gap-default\">\n\t\t\t\t\t<div class=\"elementor-column elementor-col-100 elementor-top-column elementor-element elementor-element-50c4ce9\" data-id=\"50c4ce9\" data-element_type=\"column\">\n\t\t\t<div class=\"elementor-widget-wrap elementor-element-populated\">\n\t\t\t\t\t\t\t\t<div class=\"elementor-element elementor-element-e2245e8 elementor-widget elementor-widget-heading\" data-id=\"e2245e8\" data-element_type=\"widget\" data-widget_type=\"heading.default\">\n\t\t\t\t<div class=\"elementor-widget-container\">\n\t\t\t<h2 class=\"elementor-heading-title elementor-size-default\">Demais casos<\/h2>\t\t<\/div>\n\t\t\t\t<\/div>\n\t\t\t\t<div class=\"elementor-element elementor-element-7e721d9 elementor-widget elementor-widget-text-editor\" data-id=\"7e721d9\" data-element_type=\"widget\" data-widget_type=\"text-editor.default\">\n\t\t\t\t<div class=\"elementor-widget-container\">\n\t\t\t\t\t\t\t<ul><li>nomea\u00e7\u00e3o de candidato em cadastro de reserva, devido a contrata\u00e7\u00e3o de terceirizados;<\/li><li>nomea\u00e7\u00e3o de candidato em virtude do \u00f3rg\u00e3o\/entidade n\u00e3o observar a ordem de classifica\u00e7\u00e3o do concurso;<\/li><li>nomea\u00e7\u00e3o de candidato ap\u00f3s o prazo de validade do concurso;<\/li><li>candidato que n\u00e3o toma posse por desconhecimento do ato, publicado apenas no Di\u00e1rio Oficial;<\/li><li>fraude na realiza\u00e7\u00e3o do concurso p\u00fablico;<\/li><li>t\u00edtulos n\u00e3o pontuados.<\/li><\/ul><div>\u00a0<\/div>\t\t\t\t\t\t<\/div>\n\t\t\t\t<\/div>\n\t\t\t\t\t<\/div>\n\t\t<\/div>\n\t\t\t\t\t\t\t<\/div>\n\t\t<\/section>\n\t\t\t\t\t\t\t<\/div>\n\t\t","protected":false},"excerpt":{"rendered":"<p>Concursos P\u00fablicos Impugna\u00e7\u00e3o de editais com exig\u00eancias inconstitucionais, ilegais ou desproporcionais; com cobran\u00e7a de conte\u00fado n\u00e3o previsto no edital; com exig\u00eancia de apresenta\u00e7\u00e3o de diploma antes da data da posse; com exig\u00eancias ilegais, desproporcionais ou fora do contexto do concurso. Elimina\u00e7\u00e3o de candidato por idade; no Teste de Aptid\u00e3o F\u00edsica (TAF); com vaga reservada (cotistas &hellip;<\/p>\n<p class=\"read-more\"> <a class=\"\" href=\"https:\/\/celestino.adv.br\/index.php\/area-concurso\/\"> <span class=\"screen-reader-text\">Concurso<\/span> Leia mais &raquo;<\/a><\/p>\n","protected":false},"author":1,"featured_media":0,"parent":0,"menu_order":0,"comment_status":"closed","ping_status":"closed","template":"","meta":{"site-sidebar-layout":"no-sidebar","site-content-layout":"page-builder","ast-global-header-display":"","ast-main-header-display":"","ast-hfb-above-header-display":"","ast-hfb-below-header-display":"","ast-hfb-mobile-header-display":"","site-post-title":"disabled","ast-breadcrumbs-content":"","ast-featured-img":"disabled","footer-sml-layout":"","theme-transparent-header-meta":"default","adv-header-id-meta":"","stick-header-meta":"","header-above-stick-meta":"","header-main-stick-meta":"","header-below-stick-meta":""},"_links":{"self":[{"href":"https:\/\/celestino.adv.br\/index.php\/wp-json\/wp\/v2\/pages\/947"}],"collection":[{"href":"https:\/\/celestino.adv.br\/index.php\/wp-json\/wp\/v2\/pages"}],"about":[{"href":"https:\/\/celestino.adv.br\/index.php\/wp-json\/wp\/v2\/types\/page"}],"author":[{"embeddable":true,"href":"https:\/\/celestino.adv.br\/index.php\/wp-json\/wp\/v2\/users\/1"}],"replies":[{"embeddable":true,"href":"https:\/\/celestino.adv.br\/index.php\/wp-json\/wp\/v2\/comments?post=947"}],"version-history":[{"count":42,"href":"https:\/\/celestino.adv.br\/index.php\/wp-json\/wp\/v2\/pages\/947\/revisions"}],"predecessor-version":[{"id":1243,"href":"https:\/\/celestino.adv.br\/index.php\/wp-json\/wp\/v2\/pages\/947\/revisions\/1243"}],"wp:attachment":[{"href":"https:\/\/celestino.adv.br\/index.php\/wp-json\/wp\/v2\/media?parent=947"}],"curies":[{"name":"wp","href":"https:\/\/api.w.org\/{rel}","templated":true}]}}