{"id":1249,"date":"2022-09-28T14:01:35","date_gmt":"2022-09-28T17:01:35","guid":{"rendered":"http:\/\/celestino.adv.br\/?page_id=1249"},"modified":"2022-09-28T14:56:35","modified_gmt":"2022-09-28T17:56:35","slug":"dra-thatianna-celestino","status":"publish","type":"page","link":"https:\/\/celestino.adv.br\/index.php\/dra-thatianna-celestino\/","title":{"rendered":"Thatianna"},"content":{"rendered":"\t\t<div data-elementor-type=\"wp-page\" data-elementor-id=\"1249\" class=\"elementor elementor-1249\">\n\t\t\t\t\t\t\t\t\t<section class=\"elementor-section elementor-top-section elementor-element elementor-element-c29ee2b elementor-section-boxed elementor-section-height-default elementor-section-height-default\" data-id=\"c29ee2b\" data-element_type=\"section\" data-settings=\"{&quot;background_background&quot;:&quot;gradient&quot;}\">\n\t\t\t\t\t\t\t<div class=\"elementor-background-overlay\"><\/div>\n\t\t\t\t\t\t\t<div class=\"elementor-container elementor-column-gap-default\">\n\t\t\t\t\t<div class=\"elementor-column elementor-col-100 elementor-top-column elementor-element elementor-element-44af6ef\" data-id=\"44af6ef\" data-element_type=\"column\">\n\t\t\t<div class=\"elementor-widget-wrap elementor-element-populated\">\n\t\t\t\t\t\t\t\t<div class=\"elementor-element elementor-element-7b11d68 elementor-widget elementor-widget-spacer\" data-id=\"7b11d68\" data-element_type=\"widget\" data-widget_type=\"spacer.default\">\n\t\t\t\t<div class=\"elementor-widget-container\">\n\t\t\t\t\t<div class=\"elementor-spacer\">\n\t\t\t<div class=\"elementor-spacer-inner\"><\/div>\n\t\t<\/div>\n\t\t\t\t<\/div>\n\t\t\t\t<\/div>\n\t\t\t\t<div class=\"elementor-element elementor-element-dddde1f elementor-widget elementor-widget-heading\" data-id=\"dddde1f\" data-element_type=\"widget\" data-widget_type=\"heading.default\">\n\t\t\t\t<div class=\"elementor-widget-container\">\n\t\t\t<h1 class=\"elementor-heading-title elementor-size-default\">Dra. Thatianna Celestino<\/h1>\t\t<\/div>\n\t\t\t\t<\/div>\n\t\t\t\t<div class=\"elementor-element elementor-element-c9b9a21 elementor-widget elementor-widget-spacer\" data-id=\"c9b9a21\" data-element_type=\"widget\" data-widget_type=\"spacer.default\">\n\t\t\t\t<div class=\"elementor-widget-container\">\n\t\t\t\t\t<div class=\"elementor-spacer\">\n\t\t\t<div class=\"elementor-spacer-inner\"><\/div>\n\t\t<\/div>\n\t\t\t\t<\/div>\n\t\t\t\t<\/div>\n\t\t\t\t\t<\/div>\n\t\t<\/div>\n\t\t\t\t\t\t\t<\/div>\n\t\t<\/section>\n\t\t\t\t<section class=\"elementor-section elementor-top-section elementor-element elementor-element-c6def79 elementor-section-boxed elementor-section-height-default elementor-section-height-default\" data-id=\"c6def79\" data-element_type=\"section\">\n\t\t\t\t\t\t<div class=\"elementor-container elementor-column-gap-default\">\n\t\t\t\t\t<div class=\"elementor-column elementor-col-50 elementor-top-column elementor-element elementor-element-6f93714\" data-id=\"6f93714\" data-element_type=\"column\">\n\t\t\t<div class=\"elementor-widget-wrap elementor-element-populated\">\n\t\t\t\t\t\t\t\t<div class=\"elementor-element elementor-element-2e8d1d4 elementor-widget elementor-widget-image\" data-id=\"2e8d1d4\" data-element_type=\"widget\" data-widget_type=\"image.default\">\n\t\t\t\t<div class=\"elementor-widget-container\">\n\t\t\t\t\t\t\t\t\t\t\t\t\t\t\t<img src=\"https:\/\/celestino.adv.br\/wp-content\/uploads\/2021\/04\/Thatianna.v2.jpg\" title=\"Thatianna.v2\" alt=\"Thatianna.v2\" \/>\t\t\t\t\t\t\t\t\t\t\t\t\t\t\t<\/div>\n\t\t\t\t<\/div>\n\t\t\t\t\t<\/div>\n\t\t<\/div>\n\t\t\t\t<div class=\"elementor-column elementor-col-50 elementor-top-column elementor-element elementor-element-50eb09c\" data-id=\"50eb09c\" data-element_type=\"column\">\n\t\t\t<div class=\"elementor-widget-wrap elementor-element-populated\">\n\t\t\t\t\t\t\t\t<div class=\"elementor-element elementor-element-ee0ff5a elementor-widget elementor-widget-text-editor\" data-id=\"ee0ff5a\" data-element_type=\"widget\" data-widget_type=\"text-editor.default\">\n\t\t\t\t<div class=\"elementor-widget-container\">\n\t\t\t\t\t\t\t<p><strong>A\u00e7\u00f5es Trabalhistas Individuais <\/strong><\/p><ul><li>Reconhecimento de V\u00ednculo Empregat\u00edcio<\/li><li>Revis\u00e3o de Termos de Rescis\u00e3o do Contrato de Trabalho (TRCT)<\/li><li>Horas Extras<\/li><li>Revers\u00e3o da justa causa<\/li><li>Pedido de Rescis\u00e3o Indireta<\/li><li>Burnout<\/li><li>Ass\u00e9dio Moral e Sexual<\/li><li>Ac\u00famulo e desvio de fun\u00e7\u00e3o<\/li><li>Atraso no pagamento de sal\u00e1rios<\/li><li>F\u00e9rias<\/li><li>13\u00ba sal\u00e1rio<\/li><li>Aus\u00eancia de recolhimento do FGTS<\/li><li>Aus\u00eancia de recebimento de Adicional Noturno<\/li><li>Atraso no recebimento das verbas rescis\u00f3rias<\/li><li>Desconto indevidos no contracheque<\/li><li>Adicional de Periculosidade e Insalubridade<\/li><li>Equipara\u00e7\u00e3o salarial<\/li><li>Contrato de trabalho n\u00e3o registrado na Carteira de Trabalho<\/li><li>Entre outros direitos trabalhistas que foram infringidos pelo empregador<\/li><\/ul>\t\t\t\t\t\t<\/div>\n\t\t\t\t<\/div>\n\t\t\t\t\t<\/div>\n\t\t<\/div>\n\t\t\t\t\t\t\t<\/div>\n\t\t<\/section>\n\t\t\t\t<section class=\"elementor-section elementor-top-section elementor-element elementor-element-79cf2ad elementor-section-boxed elementor-section-height-default elementor-section-height-default\" data-id=\"79cf2ad\" data-element_type=\"section\">\n\t\t\t\t\t\t<div class=\"elementor-container elementor-column-gap-default\">\n\t\t\t\t\t<div class=\"elementor-column elementor-col-100 elementor-top-column elementor-element elementor-element-d0f22c9\" data-id=\"d0f22c9\" data-element_type=\"column\">\n\t\t\t<div class=\"elementor-widget-wrap elementor-element-populated\">\n\t\t\t\t\t\t\t\t<div class=\"elementor-element elementor-element-a99108a elementor-widget elementor-widget-text-editor\" data-id=\"a99108a\" data-element_type=\"widget\" data-widget_type=\"text-editor.default\">\n\t\t\t\t<div class=\"elementor-widget-container\">\n\t\t\t\t\t\t\t<p><strong>Direito dos Professores <\/strong><\/p><p>O profissional da \u00e1rea da educa\u00e7\u00e3o \u00e9 parte fundamental para o desenvolvimento da sociedade, entretanto ainda enfrenta diversas viola\u00e7\u00f5es aos seus direitos trabalhistas.<\/p><p>Diante desse cen\u00e1rio, o escrit\u00f3rio Celestino Advogados Associados \u00e9 especializado no atendimento aos professores de escolas particulares, seja de forma consultiva, seja assessorando-os nas a\u00e7\u00f5es trabalhistas.<\/p>\t\t\t\t\t\t<\/div>\n\t\t\t\t<\/div>\n\t\t\t\t\t<\/div>\n\t\t<\/div>\n\t\t\t\t\t\t\t<\/div>\n\t\t<\/section>\n\t\t\t\t\t\t\t<\/div>\n\t\t","protected":false},"excerpt":{"rendered":"<p>Dra. Thatianna Celestino A\u00e7\u00f5es Trabalhistas Individuais Reconhecimento de V\u00ednculo Empregat\u00edcio Revis\u00e3o de Termos de Rescis\u00e3o do Contrato de Trabalho (TRCT) Horas Extras Revers\u00e3o da justa causa Pedido de Rescis\u00e3o Indireta Burnout Ass\u00e9dio Moral e Sexual Ac\u00famulo e desvio de fun\u00e7\u00e3o Atraso no pagamento de sal\u00e1rios F\u00e9rias 13\u00ba sal\u00e1rio Aus\u00eancia de recolhimento do FGTS Aus\u00eancia de &hellip;<\/p>\n<p class=\"read-more\"> <a class=\"\" href=\"https:\/\/celestino.adv.br\/index.php\/dra-thatianna-celestino\/\"> <span class=\"screen-reader-text\">Thatianna<\/span> Leia mais &raquo;<\/a><\/p>\n","protected":false},"author":1,"featured_media":0,"parent":0,"menu_order":0,"comment_status":"closed","ping_status":"closed","template":"","meta":{"site-sidebar-layout":"no-sidebar","site-content-layout":"page-builder","ast-global-header-display":"","ast-main-header-display":"","ast-hfb-above-header-display":"","ast-hfb-below-header-display":"","ast-hfb-mobile-header-display":"","site-post-title":"disabled","ast-breadcrumbs-content":"","ast-featured-img":"disabled","footer-sml-layout":"","theme-transparent-header-meta":"","adv-header-id-meta":"","stick-header-meta":"","header-above-stick-meta":"","header-main-stick-meta":"","header-below-stick-meta":""},"_links":{"self":[{"href":"https:\/\/celestino.adv.br\/index.php\/wp-json\/wp\/v2\/pages\/1249"}],"collection":[{"href":"https:\/\/celestino.adv.br\/index.php\/wp-json\/wp\/v2\/pages"}],"about":[{"href":"https:\/\/celestino.adv.br\/index.php\/wp-json\/wp\/v2\/types\/page"}],"author":[{"embeddable":true,"href":"https:\/\/celestino.adv.br\/index.php\/wp-json\/wp\/v2\/users\/1"}],"replies":[{"embeddable":true,"href":"https:\/\/celestino.adv.br\/index.php\/wp-json\/wp\/v2\/comments?post=1249"}],"version-history":[{"count":13,"href":"https:\/\/celestino.adv.br\/index.php\/wp-json\/wp\/v2\/pages\/1249\/revisions"}],"predecessor-version":[{"id":1298,"href":"https:\/\/celestino.adv.br\/index.php\/wp-json\/wp\/v2\/pages\/1249\/revisions\/1298"}],"wp:attachment":[{"href":"https:\/\/celestino.adv.br\/index.php\/wp-json\/wp\/v2\/media?parent=1249"}],"curies":[{"name":"wp","href":"https:\/\/api.w.org\/{rel}","templated":true}]}}